{"id":389,"date":"2015-11-18T14:43:31","date_gmt":"2015-11-18T13:43:31","guid":{"rendered":"http:\/\/vskb-website.prod2.lernetz.ch\/?page_id=389&#038;lang=fr"},"modified":"2024-08-28T23:39:28","modified_gmt":"2024-08-28T21:39:28","slug":"impressum","status":"publish","type":"page","link":"https:\/\/financemission.ch\/fr\/impressum\/","title":{"rendered":"Impressum"},"content":{"rendered":"<p><div class=\"fusion-fullwidth fullwidth-box fusion-builder-row-1 fusion-flex-container has-pattern-background has-mask-background nonhundred-percent-fullwidth non-hundred-percent-height-scrolling\" style=\"--awb-border-radius-top-left:0px;--awb-border-radius-top-right:0px;--awb-border-radius-bottom-right:0px;--awb-border-radius-bottom-left:0px;--awb-padding-top:80px;--awb-margin-top:0px;--awb-margin-bottom:40px;--awb-flex-wrap:wrap;\" ><div class=\"fusion-builder-row fusion-row fusion-flex-align-items-flex-start fusion-flex-content-wrap\" style=\"max-width:1372.8px;margin-left: calc(-4% \/ 2 );margin-right: calc(-4% \/ 2 );\"><div class=\"fusion-layout-column fusion_builder_column fusion-builder-column-0 fusion_builder_column_1_1 1_1 fusion-flex-column\" style=\"--awb-bg-size:cover;--awb-width-large:100%;--awb-margin-top-large:0px;--awb-spacing-right-large:1.92%;--awb-margin-bottom-large:20px;--awb-spacing-left-large:1.92%;--awb-width-medium:100%;--awb-order-medium:0;--awb-spacing-right-medium:1.92%;--awb-spacing-left-medium:1.92%;--awb-width-small:100%;--awb-order-small:0;--awb-spacing-right-small:1.92%;--awb-spacing-left-small:1.92%;\"><div class=\"fusion-column-wrapper fusion-column-has-shadow fusion-flex-justify-content-flex-start fusion-content-layout-column\"><div class=\"fusion-title title fusion-title-1 fusion-sep-none fusion-title-text fusion-title-size-two\" style=\"--awb-margin-top-small:10px;--awb-margin-right-small:0px;--awb-margin-bottom-small:10px;--awb-margin-left-small:0px;\"><h2 class=\"fusion-title-heading title-heading-left\" style=\"margin:0;\">Impressum<\/h2><\/div><\/div><\/div><\/div><\/div><div class=\"fusion-fullwidth fullwidth-box fusion-builder-row-2 nonhundred-percent-fullwidth non-hundred-percent-height-scrolling\" style=\"--awb-border-radius-top-left:0px;--awb-border-radius-top-right:0px;--awb-border-radius-bottom-right:0px;--awb-border-radius-bottom-left:0px;--awb-padding-top:40px;--awb-padding-bottom:40px;--awb-margin-top:13px;--awb-flex-wrap:wrap;\" ><div class=\"fusion-builder-row fusion-row\"><div class=\"fusion-layout-column fusion_builder_column fusion-builder-column-1 fusion_builder_column_1_1 1_1 fusion-one-full fusion-column-first fusion-column-last\" style=\"--awb-bg-blend:overlay;--awb-bg-size:cover;\"><div class=\"fusion-column-wrapper fusion-flex-column-wrapper-legacy\"><div class=\"fusion-title title fusion-title-2 fusion-sep-none fusion-title-text fusion-title-size-four content-title-2\" style=\"--awb-margin-top-small:10px;--awb-margin-right-small:0px;--awb-margin-bottom-small:10px;--awb-margin-left-small:0px;\"><h4 class=\"fusion-title-heading title-heading-left\" style=\"margin:0;\">Responsabilit\u00e9 g\u00e9n\u00e9rale<\/h4><\/div><div class=\"fusion-text fusion-text-1\" style=\"--awb-text-transform:none;\"><p>Association FinanceMission<br \/>\nSecr\u00e9tariat<br \/>\nBahnhofstrasse 5<br \/>\n8197 Rafz<br \/>\nSchweiz<\/p>\n<p>+41 44 521 44 19<br \/>\n<a class=\"colored-links href=\" href=\"mailto:info@financemission.ch\">info@financemission.ch<\/a><\/p>\n<\/div><div class=\"fusion-clearfix\"><\/div><\/div><\/div><\/div><\/div><div class=\"fusion-fullwidth fullwidth-box fusion-builder-row-3 nonhundred-percent-fullwidth non-hundred-percent-height-scrolling\" style=\"--awb-background-position:left top;--awb-border-radius-top-left:0px;--awb-border-radius-top-right:0px;--awb-border-radius-bottom-right:0px;--awb-border-radius-bottom-left:0px;--awb-padding-top:20px;--awb-padding-bottom:30px;--awb-padding-left:0px;--awb-flex-wrap:wrap;\" ><div class=\"fusion-builder-row fusion-row\"><div class=\"fusion-layout-column fusion_builder_column fusion-builder-column-2 fusion_builder_column_1_1 1_1 fusion-one-full fusion-column-first fusion-column-last fusion-column-no-min-height\" style=\"--awb-bg-blend:overlay;--awb-bg-size:cover;--awb-margin-bottom:0px;\"><div class=\"fusion-column-wrapper fusion-flex-column-wrapper-legacy\"><div class=\"fusion-title title fusion-title-3 fusion-sep-none fusion-title-text fusion-title-size-four content-title-2\" style=\"--awb-margin-top-small:10px;--awb-margin-right-small:0px;--awb-margin-bottom-small:10px;--awb-margin-left-small:0px;\"><h4 class=\"fusion-title-heading title-heading-left\" style=\"margin:0;\">Mentions l\u00e9gales<\/h4><\/div><div class=\"fusion-text fusion-text-2\" style=\"--awb-text-transform:none;\"><p>Malgr\u00e9 tout le soin apport\u00e9, nous ne pouvons garantir l\u2019actualit\u00e9, l\u2019exactitude, l\u2019exhaustivit\u00e9 ou la fiabilit\u00e9 des informations publi\u00e9es. Toutes nos offres sont sans engagement. Les informations publi\u00e9es peuvent \u00eatre prot\u00e9g\u00e9es par des droits d\u2019auteur.<\/p>\n<p>Nos offres sont bas\u00e9es sur la l\u00e9gislation, les plans d\u2019\u00e9tudes et la terminologie en vigueur en Suisse. Nous nous r\u00e9servons le droit d\u2019adapter tout ou partie de nos offres sans pr\u00e9avis ni justification voire de les suspendre durablement ou temporairement.<\/p>\n<p>Dans notre\u00a0<a href=\"https:\/\/financemission.ch\/fr\/protection-des-donnees\/\">d\u00e9claration de protection des donn\u00e9es<\/a>, nous expliquons pourquoi, o\u00f9, comment et quelles donn\u00e9es personnelles nous traitons. Nous informons \u00e9galement sur les droits des personnes dont nous utilisons les donn\u00e9es.<\/p>\n<p>Pour les plateformes \u00ab FinanceMission Heroes \u00bb et \u00ab FinanceMission World \u00bb, nous disposons de d\u00e9clarations de protection des donn\u00e9es suppl\u00e9mentaires et s\u00e9par\u00e9es, dont les liens sont indiqu\u00e9s ci-dessous.<\/p>\n<\/div><div class=\"fusion-clearfix\"><\/div><\/div><\/div><div class=\"fusion-layout-column fusion_builder_column fusion-builder-column-3 fusion_builder_column_1_2 1_2 fusion-one-half fusion-column-first\" style=\"--awb-bg-size:cover;width:50%;width:calc(50% - ( ( 4% ) * 0.5 ) );margin-right: 4%;\"><div class=\"fusion-column-wrapper fusion-column-has-shadow fusion-flex-column-wrapper-legacy\"><div class=\"fusion-button-wrapper\"><a class=\"fusion-button button-flat fusion-button-default-size button-default fusion-button-default button-1 fusion-button-default-span fusion-button-default-type\" target=\"_blank\" rel=\"noopener noreferrer\" href=\"https:\/\/financemission.ch\/fr\/231030-datenschutzerklaerung-fm-world-2\/\"><span class=\"fusion-button-text awb-button__text awb-button__text--default\">D\u00e9claration de protection des donn\u00e9es pour FinanceMission World<\/span><\/a><\/div><div class=\"fusion-clearfix\"><\/div><\/div><\/div><div class=\"fusion-layout-column fusion_builder_column fusion-builder-column-4 fusion_builder_column_1_2 1_2 fusion-one-half fusion-column-last\" style=\"--awb-bg-size:cover;width:50%;width:calc(50% - ( ( 4% ) * 0.5 ) );\" data-scroll-devices=\"small-visibility,medium-visibility,large-visibility\"><div class=\"fusion-column-wrapper fusion-column-has-shadow fusion-flex-column-wrapper-legacy\"><div class=\"fusion-button-wrapper\"><a class=\"fusion-button button-flat fusion-button-default-size button-default fusion-button-default button-2 fusion-button-default-span fusion-button-default-type\" target=\"_blank\" rel=\"noopener noreferrer\" href=\"https:\/\/financemission.ch\/fr\/231030-datenschutzerklaerung-fm-heros-2\/\"><span class=\"fusion-button-text awb-button__text awb-button__text--default\">D\u00e9claration de protection des donn\u00e9es pour FinanceMission Heroes<\/span><\/a><\/div><div class=\"fusion-clearfix\"><\/div><\/div><\/div><\/div><\/div><\/p>\n","protected":false},"excerpt":{"rendered":"","protected":false},"author":6,"featured_media":0,"parent":0,"menu_order":0,"comment_status":"closed","ping_status":"closed","template":"","meta":{"_acf_changed":false,"content-type":"","footnotes":""},"class_list":["post-389","page","type-page","status-publish","hentry"],"acf":[],"_links":{"self":[{"href":"https:\/\/financemission.ch\/fr\/wp-json\/wp\/v2\/pages\/389","targetHints":{"allow":["GET"]}}],"collection":[{"href":"https:\/\/financemission.ch\/fr\/wp-json\/wp\/v2\/pages"}],"about":[{"href":"https:\/\/financemission.ch\/fr\/wp-json\/wp\/v2\/types\/page"}],"author":[{"embeddable":true,"href":"https:\/\/financemission.ch\/fr\/wp-json\/wp\/v2\/users\/6"}],"replies":[{"embeddable":true,"href":"https:\/\/financemission.ch\/fr\/wp-json\/wp\/v2\/comments?post=389"}],"version-history":[{"count":43,"href":"https:\/\/financemission.ch\/fr\/wp-json\/wp\/v2\/pages\/389\/revisions"}],"predecessor-version":[{"id":12344,"href":"https:\/\/financemission.ch\/fr\/wp-json\/wp\/v2\/pages\/389\/revisions\/12344"}],"wp:attachment":[{"href":"https:\/\/financemission.ch\/fr\/wp-json\/wp\/v2\/media?parent=389"}],"curies":[{"name":"wp","href":"https:\/\/api.w.org\/{rel}","templated":true}]}}